{"id":174,"date":"2021-01-10T17:23:49","date_gmt":"2021-01-10T17:23:49","guid":{"rendered":"https:\/\/solisoli.ch\/donate\/"},"modified":"2025-06-06T00:53:38","modified_gmt":"2025-06-05T23:53:38","slug":"spenden","status":"publish","type":"page","link":"https:\/\/solisoli.ch\/de\/spenden\/","title":{"rendered":"Spenden"},"content":{"rendered":"\n<br><br><span class=\"highlight\">Spendenbescheinigung<\/span><br><br>\n\n\n\n<p><em>SoliSoli<\/em> ist eine offiziell anerkannte gemeinn\u00fctzige Organisation des Kantons Z\u00fcrich, weshalb Ihre Spenden steuerlich absetzbar sind.<\/p>\n\n\n\n<p>Das bedeutet, dass wir Spendenbescheinigungen f\u00fcr Ihre Steuererkl\u00e4rung ausstellen k\u00f6nnen. Bitte beachten Sie, dass wir aus administrativen Gr\u00fcnden Spendenbescheinigungen nur f\u00fcr Betr\u00e4ge von 100 Schweizer Franken oder mehr ausstellen.<\/p>\n\n\n\n<br><br><span class=\"highlight\">Online Spende<\/span><br><br>\n\n\n\n<p>Eine sichere Online-Spende zu t\u00e4tigen ist einfach und flexibel: Sie k\u00f6nnen Kredit- oder Debitkarte, Twint, PayPal, Google Pay oder Apple Pay nutzen.<\/p>\n\n\n\n<p>Die Spenden werden \u00fcber RaiseNow abgewickelt, eine vertrauensw\u00fcrdige Schweizer Plattform f\u00fcr Non-Profit-Organisationen, die sichere und verschl\u00fcsselte Zahlungen gew\u00e4hrleistet.<\/p>\n\n\n\n<div class=\"wp-block-buttons is-layout-flex wp-block-buttons-is-layout-flex\">\n<div class=\"wp-block-button donationButton\"><a class=\"wp-block-button__link wp-element-button\" href=\"https:\/\/donate.raisenow.io\/cstnh\" style=\"border-radius:0px\" target=\"_blank\" rel=\"noreferrer noopener\">> JETZT SPENDEN &lt;<\/a><\/div>\n<\/div>\n\n\n\n<br><br><span class=\"highlight\">Bank\u00fcberweisung<\/span><br><br>\n\n\n\n<p>Sie k\u00f6nnen auch per Bank\u00fcberweisung spenden, entweder \u00fcber Ihr Online-Banking oder direkt bei Ihrer lokalen Bankfiliale.<\/p>\n\n\n\n<p>Wenn Sie f\u00fcr Ihre \u00dcberweisung eine Spendenbescheinigung w\u00fcnschen, kontaktieren Sie uns bitte per E-Mail. Wir helfen Ihnen gerne weiter.<\/p>\n\n\n\n<details class=\"wp-block-details is-layout-flow wp-block-details-is-layout-flow\"><summary>Klicken Sie hier f\u00fcr die Bankverbinfung<\/summary>\n<p><br><strong>BANKVERBINDUNG<\/strong><br>IBAN: CH59 0900 0000 1562 0672 0<br>BIC: POFICHBEXXX<br>BANK: POSTFINANCE AG<br>PLZ: 3030<br>STADT: BERN<\/p>\n\n\n\n<p><strong>UNSERE ADRESSE<\/strong><br>ASSOCIATION SOLISOLI<br>MYTHENQUAI 345<br>8038 Z\u00dcRICH<br>SCHWEIZ<\/p>\n<\/details>\n\n\n\n<p><\/p>\n","protected":false},"excerpt":{"rendered":"<p>Spendenbescheinigung SoliSoli ist eine offiziell anerkannte gemeinn\u00fctzige Organisation des Kantons Z\u00fcrich, weshalb Ihre Spenden steuerlich absetzbar sind. Das bedeutet, dass wir Spendenbescheinigungen f\u00fcr Ihre Steuererkl\u00e4rung ausstellen k\u00f6nnen. Bitte beachten Sie, dass wir aus administrativen Gr\u00fcnden Spendenbescheinigungen nur f\u00fcr Betr\u00e4ge von 100 Schweizer Franken oder mehr ausstellen. Online Spende Eine sichere Online-Spende zu t\u00e4tigen ist einfach [&hellip;]<\/p>\n","protected":false},"author":1,"featured_media":0,"parent":0,"menu_order":0,"comment_status":"closed","ping_status":"closed","template":"","meta":{"footnotes":""},"class_list":["post-174","page","type-page","status-publish","hentry"],"yoast_head":"<!-- This site is optimized with the Yoast SEO plugin v26.8 - https:\/\/yoast.com\/product\/yoast-seo-wordpress\/ -->\n<title>Spenden &#8212; SoliSoli<\/title>\n<meta name=\"description\" content=\"Sie k\u00f6nnen eine Spende per IBAN-\u00dcberweisung, Twint oder Kreditkarte t\u00e4tigen. Jede Spende z\u00e4hlt, egal wie hoch der Betrag ist. Vielen Dank f\u00fcr Ihre Unterst\u00fctzung &lt;3\" \/>\n<meta name=\"robots\" content=\"index, follow, max-snippet:-1, max-image-preview:large, max-video-preview:-1\" \/>\n<link rel=\"canonical\" href=\"https:\/\/solisoli.ch\/de\/spenden\/\" \/>\n<meta property=\"og:locale\" content=\"de_DE\" \/>\n<meta property=\"og:type\" content=\"article\" \/>\n<meta property=\"og:title\" content=\"Spenden &#8212; SoliSoli\" \/>\n<meta property=\"og:description\" content=\"Sie k\u00f6nnen eine Spende per IBAN-\u00dcberweisung, Twint oder Kreditkarte t\u00e4tigen. Jede Spende z\u00e4hlt, egal wie hoch der Betrag ist. Vielen Dank f\u00fcr Ihre Unterst\u00fctzung &lt;3\" \/>\n<meta property=\"og:url\" content=\"https:\/\/solisoli.ch\/de\/spenden\/\" \/>\n<meta property=\"og:site_name\" content=\"SoliSoli\" \/>\n<meta property=\"article:modified_time\" content=\"2025-06-05T23:53:38+00:00\" \/>\n<meta property=\"og:image\" content=\"https:\/\/solisoli.ch\/wp-content\/uploads\/2024\/12\/solisoli_logo_oggraph_EN.png\" \/>\n\t<meta property=\"og:image:width\" content=\"1200\" \/>\n\t<meta property=\"og:image:height\" content=\"675\" \/>\n\t<meta property=\"og:image:type\" content=\"image\/png\" \/>\n<meta name=\"twitter:card\" content=\"summary_large_image\" \/>\n<meta name=\"twitter:label1\" content=\"Gesch\u00e4tzte Lesezeit\" \/>\n\t<meta name=\"twitter:data1\" content=\"1\u00a0Minute\" \/>\n<script type=\"application\/ld+json\" class=\"yoast-schema-graph\">{\"@context\":\"https:\/\/schema.org\",\"@graph\":[{\"@type\":\"WebPage\",\"@id\":\"https:\/\/solisoli.ch\/de\/spenden\/\",\"url\":\"https:\/\/solisoli.ch\/de\/spenden\/\",\"name\":\"Spenden &#8212; SoliSoli\",\"isPartOf\":{\"@id\":\"https:\/\/solisoli.ch\/#website\"},\"datePublished\":\"2021-01-10T17:23:49+00:00\",\"dateModified\":\"2025-06-05T23:53:38+00:00\",\"description\":\"Sie k\u00f6nnen eine Spende per IBAN-\u00dcberweisung, Twint oder Kreditkarte t\u00e4tigen. Jede Spende z\u00e4hlt, egal wie hoch der Betrag ist. Vielen Dank f\u00fcr Ihre Unterst\u00fctzung &lt;3\",\"breadcrumb\":{\"@id\":\"https:\/\/solisoli.ch\/de\/spenden\/#breadcrumb\"},\"inLanguage\":\"de\",\"potentialAction\":[{\"@type\":\"ReadAction\",\"target\":[\"https:\/\/solisoli.ch\/de\/spenden\/\"]}]},{\"@type\":\"BreadcrumbList\",\"@id\":\"https:\/\/solisoli.ch\/de\/spenden\/#breadcrumb\",\"itemListElement\":[{\"@type\":\"ListItem\",\"position\":1,\"name\":\"Home\",\"item\":\"https:\/\/solisoli.ch\/de\/\"},{\"@type\":\"ListItem\",\"position\":2,\"name\":\"Spenden\"}]},{\"@type\":\"WebSite\",\"@id\":\"https:\/\/solisoli.ch\/#website\",\"url\":\"https:\/\/solisoli.ch\/\",\"name\":\"SoliSoli\",\"description\":\"\",\"potentialAction\":[{\"@type\":\"SearchAction\",\"target\":{\"@type\":\"EntryPoint\",\"urlTemplate\":\"https:\/\/solisoli.ch\/?s={search_term_string}\"},\"query-input\":{\"@type\":\"PropertyValueSpecification\",\"valueRequired\":true,\"valueName\":\"search_term_string\"}}],\"inLanguage\":\"de\"}]}<\/script>\n<!-- \/ Yoast SEO plugin. -->","yoast_head_json":{"title":"Spenden &#8212; SoliSoli","description":"Sie k\u00f6nnen eine Spende per IBAN-\u00dcberweisung, Twint oder Kreditkarte t\u00e4tigen. Jede Spende z\u00e4hlt, egal wie hoch der Betrag ist. Vielen Dank f\u00fcr Ihre Unterst\u00fctzung &lt;3","robots":{"index":"index","follow":"follow","max-snippet":"max-snippet:-1","max-image-preview":"max-image-preview:large","max-video-preview":"max-video-preview:-1"},"canonical":"https:\/\/solisoli.ch\/de\/spenden\/","og_locale":"de_DE","og_type":"article","og_title":"Spenden &#8212; SoliSoli","og_description":"Sie k\u00f6nnen eine Spende per IBAN-\u00dcberweisung, Twint oder Kreditkarte t\u00e4tigen. Jede Spende z\u00e4hlt, egal wie hoch der Betrag ist. Vielen Dank f\u00fcr Ihre Unterst\u00fctzung &lt;3","og_url":"https:\/\/solisoli.ch\/de\/spenden\/","og_site_name":"SoliSoli","article_modified_time":"2025-06-05T23:53:38+00:00","og_image":[{"width":1200,"height":675,"url":"https:\/\/solisoli.ch\/wp-content\/uploads\/2024\/12\/solisoli_logo_oggraph_EN.png","type":"image\/png"}],"twitter_card":"summary_large_image","twitter_misc":{"Gesch\u00e4tzte Lesezeit":"1\u00a0Minute"},"schema":{"@context":"https:\/\/schema.org","@graph":[{"@type":"WebPage","@id":"https:\/\/solisoli.ch\/de\/spenden\/","url":"https:\/\/solisoli.ch\/de\/spenden\/","name":"Spenden &#8212; SoliSoli","isPartOf":{"@id":"https:\/\/solisoli.ch\/#website"},"datePublished":"2021-01-10T17:23:49+00:00","dateModified":"2025-06-05T23:53:38+00:00","description":"Sie k\u00f6nnen eine Spende per IBAN-\u00dcberweisung, Twint oder Kreditkarte t\u00e4tigen. Jede Spende z\u00e4hlt, egal wie hoch der Betrag ist. Vielen Dank f\u00fcr Ihre Unterst\u00fctzung &lt;3","breadcrumb":{"@id":"https:\/\/solisoli.ch\/de\/spenden\/#breadcrumb"},"inLanguage":"de","potentialAction":[{"@type":"ReadAction","target":["https:\/\/solisoli.ch\/de\/spenden\/"]}]},{"@type":"BreadcrumbList","@id":"https:\/\/solisoli.ch\/de\/spenden\/#breadcrumb","itemListElement":[{"@type":"ListItem","position":1,"name":"Home","item":"https:\/\/solisoli.ch\/de\/"},{"@type":"ListItem","position":2,"name":"Spenden"}]},{"@type":"WebSite","@id":"https:\/\/solisoli.ch\/#website","url":"https:\/\/solisoli.ch\/","name":"SoliSoli","description":"","potentialAction":[{"@type":"SearchAction","target":{"@type":"EntryPoint","urlTemplate":"https:\/\/solisoli.ch\/?s={search_term_string}"},"query-input":{"@type":"PropertyValueSpecification","valueRequired":true,"valueName":"search_term_string"}}],"inLanguage":"de"}]}},"_links":{"self":[{"href":"https:\/\/solisoli.ch\/de\/wp-json\/wp\/v2\/pages\/174","targetHints":{"allow":["GET"]}}],"collection":[{"href":"https:\/\/solisoli.ch\/de\/wp-json\/wp\/v2\/pages"}],"about":[{"href":"https:\/\/solisoli.ch\/de\/wp-json\/wp\/v2\/types\/page"}],"author":[{"embeddable":true,"href":"https:\/\/solisoli.ch\/de\/wp-json\/wp\/v2\/users\/1"}],"replies":[{"embeddable":true,"href":"https:\/\/solisoli.ch\/de\/wp-json\/wp\/v2\/comments?post=174"}],"version-history":[{"count":34,"href":"https:\/\/solisoli.ch\/de\/wp-json\/wp\/v2\/pages\/174\/revisions"}],"predecessor-version":[{"id":554,"href":"https:\/\/solisoli.ch\/de\/wp-json\/wp\/v2\/pages\/174\/revisions\/554"}],"wp:attachment":[{"href":"https:\/\/solisoli.ch\/de\/wp-json\/wp\/v2\/media?parent=174"}],"curies":[{"name":"wp","href":"https:\/\/api.w.org\/{rel}","templated":true}]}}