{"id":176,"date":"2021-01-10T17:21:10","date_gmt":"2021-01-10T17:21:10","guid":{"rendered":"https:\/\/solisoli.ch\/info\/"},"modified":"2026-02-19T22:40:17","modified_gmt":"2026-02-19T22:40:17","slug":"info","status":"publish","type":"page","link":"https:\/\/solisoli.ch\/de\/info\/","title":{"rendered":"Info"},"content":{"rendered":"\n<p><em>SoliSoli<\/em> ist ein unabh\u00e4ngiger, gemeinn\u00fctziger und ehrenamtlich gef\u00fchrter Verein.<\/p>\n\n\n\n<p>Unser Ziel ist es, die Verteidigung der Grund- und Menschenrechte von verletzlichen und marginalisierten Gruppen wie Menschen auf der Flucht oder anderweitig strukturell benachteiligten Gruppen durch finanzielle Unterst\u00fctzung von etablierten Strukturen in der Schweiz und im Ausland. Unser Fokus liegt derzeit auf der Unterst\u00fctzung von Menschen auf der Flucht in den EU-Pufferzonen auf dem Westbalkan.<\/p>\n\n\n\n<p>Indem Sie in der Schweiz an <em>SoliSoli<\/em> spenden, helfen Sie mit, die durch internationale \u00dcberweisungsgeb\u00fchren verlorenen Gelder zu reduzieren \u2014 SoliSoli f\u00fchrt nur viermal im Jahr geb\u00fcndelte Transaktionen durch. Indem Sie an SoliSoli spenden, vereinfachen Sie auch die Verfahren f\u00fcr die unterst\u00fctzten Organisationen, die f\u00fcr jede Spende individuelle Vertr\u00e4ge schreiben m\u00fcssen, um die Gelder zu beziehen.<\/p>\n\n\n\n<p>Dar\u00fcber hinaus organisiert <em>SoliSoli<\/em> verschiedene Solidarit\u00e4tsveranstaltungen, um Spenden zu sammeln, Sichtbarkeit zu schaffen und das Bewusstsein f\u00fcr die oben genannten Anliegen zu sch\u00e4rfen.<\/p>\n\n\n\n<br><br><span class=\"highlight\">Spendenpolitik<\/span><br><br>\n\n\n\n<p>100% der gesammelten Spenden und Gelder gehen an zwei lokale Organisationen, mit denen wir in engem Kontakt stehen: <em>KlikAktiv<\/em> in Belgrad und <em>Kompas 071<\/em> in Sarajevo, die jeweils 50% der Gelder erhalten.<\/p>\n\n\n\n<p>Einmal im Jahr ver\u00f6ffentlicht <em>SoliSoli<\/em> online die komplette Buchhaltung des Vereins.<\/p>\n\n\n\n<br><br><span class=\"highlight\">KlikAktiv<\/span><br><br>\n\n\n\n<p>Seit 2019 bietet <em>KlikAktiv<\/em> kostenlose rechtliche und psychosoziale Unterst\u00fctzung f\u00fcr Fl\u00fcchtlinge und Menschen auf der Flucht in Serbien, mit besonderem Augenmerk auf Menschen, die in besetzten H\u00e4usern an den serbischen Grenzen zu Rum\u00e4nien, Ungarn, Kroatien und Bosnien und Herzegowina leben.<\/p>\n\n\n\n<p>Weitere Informationen: <a href=\"https:\/\/klikaktiv.org\/\" target=\"_blank\" rel=\"noreferrer noopener\">www.klikaktiv.org<\/a><\/p>\n\n\n\n<br><br><span class=\"highlight\">Kompas 071<\/span><br><br>\n\n\n\n<p><em>Kompas 071<\/em> ist eine lokale Non-Profit-Organisation aus Sarajevo, Bosnien und Herzegowina, die ein Gemeinschaftszentrum f\u00fcr Menschen auf der Flucht betreibt, die im Kanton Sarajevo wohnen oder durchreisen. Das Zentrum bietet Duschen, W\u00e4scheservice, Non-Food-Produkte, Lebensmittel und Rechtshilfe.<\/p>\n\n\n\n<p>Weitere Informationen: <a href=\"https:\/\/www.kompas071.org\/\" target=\"_blank\" rel=\"noreferrer noopener\">www.kompas071.org<\/a><\/p>\n\n\n\n<br><br><span class=\"highlight\">Dokumente (auf Englisch)<\/span><br><br>\n\n\n\n<p><a href=\"https:\/\/solisoli.ch\/wp-content\/uploads\/2022\/03\/SoliSoli_Statuten_DE.pdf\" target=\"_blank\" rel=\"noreferrer noopener\">Statuten des Vereins<\/a><br><br><a href=\"https:\/\/solisoli.ch\/wp-content\/uploads\/2023\/03\/SoliSoli_AnnualReport2022.pdf\" target=\"_blank\" rel=\"noreferrer noopener\">Jahresbericht 2022<\/a><br><a href=\"https:\/\/solisoli.ch\/wp-content\/uploads\/2022\/03\/SoliSoli_AnnualReport2021.pdf\" target=\"_blank\" rel=\"noreferrer noopener\">Jahresbericht 2021<\/a><br><a href=\"https:\/\/solisoli.ch\/wp-content\/uploads\/2024\/03\/SoliSoli_AnnualReport2023.pdf\" target=\"_blank\" rel=\"noreferrer noopener\">Jahresbericht 2023<\/a><br><a href=\"https:\/\/solisoli.ch\/wp-content\/uploads\/2025\/03\/SoliSoli_AnnualReport2024.pdf\" target=\"_blank\" rel=\"noreferrer noopener\">Jahresbericht 2024<\/a><br><a href=\"https:\/\/solisoli.ch\/wp-content\/uploads\/2026\/02\/SoliSoli_AnnualReport2025.pdf\" target=\"_blank\" rel=\"noreferrer noopener\">Jahresbericht 2025<\/a><br><br><a href=\"https:\/\/solisoli.ch\/wp-content\/uploads\/2022\/03\/SoliSoli_Accounting2021.pdf\" target=\"_blank\" rel=\"noreferrer noopener\">Buchhaltung 2021<\/a><br><a href=\"https:\/\/solisoli.ch\/wp-content\/uploads\/2023\/03\/SoliSoli_Accounting2022.pdf\" target=\"_blank\" rel=\"noreferrer noopener\">Buchhaltung 2022<\/a><br><a href=\"https:\/\/solisoli.ch\/wp-content\/uploads\/2024\/01\/SoliSoli_Accounting2023.pdf\" target=\"_blank\" rel=\"noreferrer noopener\">Buchhaltung 2023<\/a><br><a href=\"https:\/\/solisoli.ch\/wp-content\/uploads\/2025\/02\/SoliSoli_Accounting2024.pdf\" target=\"_blank\" rel=\"noreferrer noopener\">Buchhaltung 2024<\/a><br><a href=\"https:\/\/solisoli.ch\/wp-content\/uploads\/2026\/01\/SoliSoli_Accounting2025.pdf\" target=\"_blank\" rel=\"noreferrer noopener\">Buchhaltung 2025<\/a><\/p>\n\n\n\n<br><br><span class=\"highlight\">Newsletter<\/span><br><br>\nAbonnieren Sie sich um Updates \u00fcber unsere Solidarit\u00e4tsveranstaltungen und Neuigkeiten von den Organisationen, die wir unterst\u00fctzen, zu erhalten.\n<br><br>\n\n\n<script>(function() {\n\twindow.mc4wp = window.mc4wp || {\n\t\tlisteners: [],\n\t\tforms: {\n\t\t\ton: function(evt, cb) {\n\t\t\t\twindow.mc4wp.listeners.push(\n\t\t\t\t\t{\n\t\t\t\t\t\tevent   : evt,\n\t\t\t\t\t\tcallback: cb\n\t\t\t\t\t}\n\t\t\t\t);\n\t\t\t}\n\t\t}\n\t}\n})();\n<\/script><!-- Mailchimp for WordPress v4.11.1 - https:\/\/wordpress.org\/plugins\/mailchimp-for-wp\/ --><form id=\"mc4wp-form-1\" class=\"mc4wp-form mc4wp-form-223\" method=\"post\" data-id=\"223\" data-name=\"mailchimpDE\" ><div class=\"mc4wp-form-fields\"><p>\r\n\t<input type=\"email\" name=\"EMAIL\" placeholder=\"Ihre E-Mail Adresse\">\r\n<\/p>\r\n<input type=\"hidden\" name=\"LANG\" value=\"de_DE\">\r\n<p>\r\n\t<input type=\"submit\" value=\"Abonnieren\">\r\n<\/p><\/div><label style=\"display: none !important;\">Wenn du ein Mensch bist, lasse das Feld leer: <input type=\"text\" name=\"_mc4wp_honeypot\" value=\"\" tabindex=\"-1\" autocomplete=\"off\" \/><\/label><input type=\"hidden\" name=\"_mc4wp_timestamp\" value=\"1776212557\" \/><input type=\"hidden\" name=\"_mc4wp_form_id\" value=\"223\" \/><input type=\"hidden\" name=\"_mc4wp_form_element_id\" value=\"mc4wp-form-1\" \/><div class=\"mc4wp-response\"><\/div><\/form><!-- \/ Mailchimp for WordPress Plugin -->\n\n\n\n<div style=\"height:100px\" aria-hidden=\"true\" class=\"wp-block-spacer\"><\/div>\n\n\n\n<p><strong>Verein SoliSoli<\/strong><br>Mythenquai 345<br>8038 Z\u00fcrich<br><a href=\"mailto:info@solisoli.ch\">info@solisoli.ch<\/a><\/p>\n","protected":false},"excerpt":{"rendered":"<p>SoliSoli ist ein unabh\u00e4ngiger, gemeinn\u00fctziger und ehrenamtlich gef\u00fchrter Verein. Unser Ziel ist es, die Verteidigung der Grund- und Menschenrechte von verletzlichen und marginalisierten Gruppen wie Menschen auf der Flucht oder anderweitig strukturell benachteiligten Gruppen durch finanzielle Unterst\u00fctzung von etablierten Strukturen in der Schweiz und im Ausland. Unser Fokus liegt derzeit auf der Unterst\u00fctzung von Menschen [&hellip;]<\/p>\n","protected":false},"author":1,"featured_media":0,"parent":0,"menu_order":0,"comment_status":"closed","ping_status":"closed","template":"","meta":{"footnotes":""},"class_list":["post-176","page","type-page","status-publish","hentry"],"yoast_head":"<!-- This site is optimized with the Yoast SEO plugin v26.8 - https:\/\/yoast.com\/product\/yoast-seo-wordpress\/ -->\n<title>Info &#8212; SoliSoli<\/title>\n<meta name=\"description\" content=\"Der Ziel von SoliSoli ist es, die Rechts- und Menschenrechte von verletzlichen und marginalisierten Gruppen wie Menschen auf der Flucht oder anderweitig strukturell benachteiligten Gruppen durch finanzielle Unterst\u00fctzung von etablierten Vereinen und \u00e4hnlichen Strukturen im In- und Ausland zu verteidigen.\" \/>\n<meta name=\"robots\" content=\"index, follow, max-snippet:-1, max-image-preview:large, max-video-preview:-1\" \/>\n<link rel=\"canonical\" href=\"https:\/\/solisoli.ch\/de\/info\/\" \/>\n<meta property=\"og:locale\" content=\"de_DE\" \/>\n<meta property=\"og:type\" content=\"article\" \/>\n<meta property=\"og:title\" content=\"Info &#8212; SoliSoli\" \/>\n<meta property=\"og:description\" content=\"Der Ziel von SoliSoli ist es, die Rechts- und Menschenrechte von verletzlichen und marginalisierten Gruppen wie Menschen auf der Flucht oder anderweitig strukturell benachteiligten Gruppen durch finanzielle Unterst\u00fctzung von etablierten Vereinen und \u00e4hnlichen Strukturen im In- und Ausland zu verteidigen.\" \/>\n<meta property=\"og:url\" content=\"https:\/\/solisoli.ch\/de\/info\/\" \/>\n<meta property=\"og:site_name\" content=\"SoliSoli\" \/>\n<meta property=\"article:modified_time\" content=\"2026-02-19T22:40:17+00:00\" \/>\n<meta property=\"og:image\" content=\"https:\/\/solisoli.ch\/wp-content\/uploads\/2024\/12\/solisoli_logo_oggraph_EN.png\" \/>\n\t<meta property=\"og:image:width\" content=\"1200\" \/>\n\t<meta property=\"og:image:height\" content=\"675\" \/>\n\t<meta property=\"og:image:type\" content=\"image\/png\" \/>\n<meta name=\"twitter:card\" content=\"summary_large_image\" \/>\n<meta name=\"twitter:label1\" content=\"Gesch\u00e4tzte Lesezeit\" \/>\n\t<meta name=\"twitter:data1\" content=\"2\u00a0Minuten\" \/>\n<script type=\"application\/ld+json\" class=\"yoast-schema-graph\">{\"@context\":\"https:\/\/schema.org\",\"@graph\":[{\"@type\":\"WebPage\",\"@id\":\"https:\/\/solisoli.ch\/de\/info\/\",\"url\":\"https:\/\/solisoli.ch\/de\/info\/\",\"name\":\"Info &#8212; SoliSoli\",\"isPartOf\":{\"@id\":\"https:\/\/solisoli.ch\/#website\"},\"datePublished\":\"2021-01-10T17:21:10+00:00\",\"dateModified\":\"2026-02-19T22:40:17+00:00\",\"description\":\"Der Ziel von SoliSoli ist es, die Rechts- und Menschenrechte von verletzlichen und marginalisierten Gruppen wie Menschen auf der Flucht oder anderweitig strukturell benachteiligten Gruppen durch finanzielle Unterst\u00fctzung von etablierten Vereinen und \u00e4hnlichen Strukturen im In- und Ausland zu verteidigen.\",\"breadcrumb\":{\"@id\":\"https:\/\/solisoli.ch\/de\/info\/#breadcrumb\"},\"inLanguage\":\"de\",\"potentialAction\":[{\"@type\":\"ReadAction\",\"target\":[\"https:\/\/solisoli.ch\/de\/info\/\"]}]},{\"@type\":\"BreadcrumbList\",\"@id\":\"https:\/\/solisoli.ch\/de\/info\/#breadcrumb\",\"itemListElement\":[{\"@type\":\"ListItem\",\"position\":1,\"name\":\"Home\",\"item\":\"https:\/\/solisoli.ch\/de\/\"},{\"@type\":\"ListItem\",\"position\":2,\"name\":\"Info\"}]},{\"@type\":\"WebSite\",\"@id\":\"https:\/\/solisoli.ch\/#website\",\"url\":\"https:\/\/solisoli.ch\/\",\"name\":\"SoliSoli\",\"description\":\"\",\"potentialAction\":[{\"@type\":\"SearchAction\",\"target\":{\"@type\":\"EntryPoint\",\"urlTemplate\":\"https:\/\/solisoli.ch\/?s={search_term_string}\"},\"query-input\":{\"@type\":\"PropertyValueSpecification\",\"valueRequired\":true,\"valueName\":\"search_term_string\"}}],\"inLanguage\":\"de\"}]}<\/script>\n<!-- \/ Yoast SEO plugin. -->","yoast_head_json":{"title":"Info &#8212; SoliSoli","description":"Der Ziel von SoliSoli ist es, die Rechts- und Menschenrechte von verletzlichen und marginalisierten Gruppen wie Menschen auf der Flucht oder anderweitig strukturell benachteiligten Gruppen durch finanzielle Unterst\u00fctzung von etablierten Vereinen und \u00e4hnlichen Strukturen im In- und Ausland zu verteidigen.","robots":{"index":"index","follow":"follow","max-snippet":"max-snippet:-1","max-image-preview":"max-image-preview:large","max-video-preview":"max-video-preview:-1"},"canonical":"https:\/\/solisoli.ch\/de\/info\/","og_locale":"de_DE","og_type":"article","og_title":"Info &#8212; SoliSoli","og_description":"Der Ziel von SoliSoli ist es, die Rechts- und Menschenrechte von verletzlichen und marginalisierten Gruppen wie Menschen auf der Flucht oder anderweitig strukturell benachteiligten Gruppen durch finanzielle Unterst\u00fctzung von etablierten Vereinen und \u00e4hnlichen Strukturen im In- und Ausland zu verteidigen.","og_url":"https:\/\/solisoli.ch\/de\/info\/","og_site_name":"SoliSoli","article_modified_time":"2026-02-19T22:40:17+00:00","og_image":[{"width":1200,"height":675,"url":"https:\/\/solisoli.ch\/wp-content\/uploads\/2024\/12\/solisoli_logo_oggraph_EN.png","type":"image\/png"}],"twitter_card":"summary_large_image","twitter_misc":{"Gesch\u00e4tzte Lesezeit":"2\u00a0Minuten"},"schema":{"@context":"https:\/\/schema.org","@graph":[{"@type":"WebPage","@id":"https:\/\/solisoli.ch\/de\/info\/","url":"https:\/\/solisoli.ch\/de\/info\/","name":"Info &#8212; SoliSoli","isPartOf":{"@id":"https:\/\/solisoli.ch\/#website"},"datePublished":"2021-01-10T17:21:10+00:00","dateModified":"2026-02-19T22:40:17+00:00","description":"Der Ziel von SoliSoli ist es, die Rechts- und Menschenrechte von verletzlichen und marginalisierten Gruppen wie Menschen auf der Flucht oder anderweitig strukturell benachteiligten Gruppen durch finanzielle Unterst\u00fctzung von etablierten Vereinen und \u00e4hnlichen Strukturen im In- und Ausland zu verteidigen.","breadcrumb":{"@id":"https:\/\/solisoli.ch\/de\/info\/#breadcrumb"},"inLanguage":"de","potentialAction":[{"@type":"ReadAction","target":["https:\/\/solisoli.ch\/de\/info\/"]}]},{"@type":"BreadcrumbList","@id":"https:\/\/solisoli.ch\/de\/info\/#breadcrumb","itemListElement":[{"@type":"ListItem","position":1,"name":"Home","item":"https:\/\/solisoli.ch\/de\/"},{"@type":"ListItem","position":2,"name":"Info"}]},{"@type":"WebSite","@id":"https:\/\/solisoli.ch\/#website","url":"https:\/\/solisoli.ch\/","name":"SoliSoli","description":"","potentialAction":[{"@type":"SearchAction","target":{"@type":"EntryPoint","urlTemplate":"https:\/\/solisoli.ch\/?s={search_term_string}"},"query-input":{"@type":"PropertyValueSpecification","valueRequired":true,"valueName":"search_term_string"}}],"inLanguage":"de"}]}},"_links":{"self":[{"href":"https:\/\/solisoli.ch\/de\/wp-json\/wp\/v2\/pages\/176","targetHints":{"allow":["GET"]}}],"collection":[{"href":"https:\/\/solisoli.ch\/de\/wp-json\/wp\/v2\/pages"}],"about":[{"href":"https:\/\/solisoli.ch\/de\/wp-json\/wp\/v2\/types\/page"}],"author":[{"embeddable":true,"href":"https:\/\/solisoli.ch\/de\/wp-json\/wp\/v2\/users\/1"}],"replies":[{"embeddable":true,"href":"https:\/\/solisoli.ch\/de\/wp-json\/wp\/v2\/comments?post=176"}],"version-history":[{"count":24,"href":"https:\/\/solisoli.ch\/de\/wp-json\/wp\/v2\/pages\/176\/revisions"}],"predecessor-version":[{"id":577,"href":"https:\/\/solisoli.ch\/de\/wp-json\/wp\/v2\/pages\/176\/revisions\/577"}],"wp:attachment":[{"href":"https:\/\/solisoli.ch\/de\/wp-json\/wp\/v2\/media?parent=176"}],"curies":[{"name":"wp","href":"https:\/\/api.w.org\/{rel}","templated":true}]}}