{"id":173,"date":"2021-01-10T17:23:49","date_gmt":"2021-01-10T17:23:49","guid":{"rendered":"https:\/\/solisoli.ch\/donate\/"},"modified":"2025-06-06T00:52:02","modified_gmt":"2025-06-05T23:52:02","slug":"faire-un-don","status":"publish","type":"page","link":"https:\/\/solisoli.ch\/fr\/faire-un-don\/","title":{"rendered":"Faire un don"},"content":{"rendered":"\n<br><br><span class=\"highlight\">Certificat de donation<\/span><br><br>\n\n\n\n<p><em>SoliSoli<\/em> est une association charitable officiellement reconnue par le canton de Zurich, ce qui signifie que vos dons sont d\u00e9ductibles des imp\u00f4ts.<\/p>\n\n\n\n<p>Nous pouvons ainsi d\u00e9livrer des certificats de donations pour votre d\u00e9claration d&rsquo;imp\u00f4ts. Veuillez noter que, pour des raisons administratives, nous ne pouvons \u00e9mettre de certificats que pour les dons d\u2019un montant \u00e9gal ou sup\u00e9rieur \u00e0 100 francs suisses.<\/p>\n\n\n\n<br><br><span class=\"highlight\">Faire un don en ligne<\/span><br><br>\n\n\n\n<p>Faire un don en ligne s\u00e9curis\u00e9 est simple: vous pouvez utiliser une carte de cr\u00e9dit ou de d\u00e9bit, Twint, PayPal, Google Pay ou Apple Pay.<\/p>\n\n\n\n<p>Les dons sont trait\u00e9s via RaiseNow, une plateforme suisse fiable d\u00e9di\u00e9e aux organisations \u00e0 but non lucratif, garantissant des paiements s\u00e9curis\u00e9s et crypt\u00e9s.<\/p>\n\n\n\n<div class=\"wp-block-buttons is-layout-flex wp-block-buttons-is-layout-flex\">\n<div class=\"wp-block-button donationButton is-style-outline is-style-outline--1\"><a class=\"wp-block-button__link wp-element-button\" href=\"https:\/\/donate.raisenow.io\/cstnh\" style=\"border-radius:0px\" target=\"_blank\" rel=\"noreferrer noopener\">&gt; FAIRE UN DON &lt;<\/a><\/div>\n<\/div>\n\n\n\n<br><br><span class=\"highlight\">Virement bancaire<\/span><br><br>\n\n\n\n<p>Vous pouvez \u00e9galement faire un don par virement bancaire, soit via l&rsquo;e-banking de votre banque, soit directement dans votre agence bancaire locale.<\/p>\n\n\n\n<p>Si vous souhaitez recevoir un certificat de don pour votre virement bancaire, veuillez nous contacter par e-mail. Nous serons heureux de vous assister.<\/p>\n\n\n\n<details class=\"wp-block-details is-layout-flow wp-block-details-is-layout-flow\"><summary>Cliquez ici pour les coordonn\u00e9es bancaires<\/summary>\n<p><br><strong>COORDONN\u00c9ES BANCAIRES<\/strong><br>IBAN:&nbsp;&nbsp;&nbsp;CH59 0900 0000 1562 0672 0<br>BIC:&nbsp;&nbsp;&nbsp;&nbsp;POFICHBEXXX<br>BANQUE:&nbsp;POSTFINANCE AG<br>NPA:&nbsp;&nbsp;&nbsp;&nbsp;3030<br>VILLE:&nbsp;&nbsp;BERNE<\/p>\n\n\n\n<p><strong>NOTRE ADRESSE<\/strong><br>ASSOCIATION SOLISOLI<br>MYTHENQUAI 345<br>8038 ZURICH<br>SUISSE<\/p>\n<\/details>\n","protected":false},"excerpt":{"rendered":"<p>Certificat de donation SoliSoli est une association charitable officiellement reconnue par le canton de Zurich, ce qui signifie que vos dons sont d\u00e9ductibles des imp\u00f4ts. Nous pouvons ainsi d\u00e9livrer des certificats de donations pour votre d\u00e9claration d&rsquo;imp\u00f4ts. Veuillez noter que, pour des raisons administratives, nous ne pouvons \u00e9mettre de certificats que pour les dons d\u2019un [&hellip;]<\/p>\n","protected":false},"author":1,"featured_media":0,"parent":0,"menu_order":0,"comment_status":"closed","ping_status":"closed","template":"","meta":{"footnotes":""},"class_list":["post-173","page","type-page","status-publish","hentry"],"yoast_head":"<!-- This site is optimized with the Yoast SEO plugin v26.8 - https:\/\/yoast.com\/product\/yoast-seo-wordpress\/ -->\n<title>Faire un don &#8212; SoliSoli<\/title>\n<meta name=\"description\" content=\"Vous pouvez faire un don par virement IBAN, Twint ou carte de cr\u00e9dit. Chaque don compte, quel que soit son montant. Merci pour votre soutien &lt;3\" \/>\n<meta name=\"robots\" content=\"index, follow, max-snippet:-1, max-image-preview:large, max-video-preview:-1\" \/>\n<link rel=\"canonical\" href=\"https:\/\/solisoli.ch\/fr\/faire-un-don\/\" \/>\n<meta property=\"og:locale\" content=\"fr_FR\" \/>\n<meta property=\"og:type\" content=\"article\" \/>\n<meta property=\"og:title\" content=\"Faire un don &#8212; SoliSoli\" \/>\n<meta property=\"og:description\" content=\"Vous pouvez faire un don par virement IBAN, Twint ou carte de cr\u00e9dit. Chaque don compte, quel que soit son montant. Merci pour votre soutien &lt;3\" \/>\n<meta property=\"og:url\" content=\"https:\/\/solisoli.ch\/fr\/faire-un-don\/\" \/>\n<meta property=\"og:site_name\" content=\"SoliSoli\" \/>\n<meta property=\"article:modified_time\" content=\"2025-06-05T23:52:02+00:00\" \/>\n<meta property=\"og:image\" content=\"https:\/\/solisoli.ch\/wp-content\/uploads\/2024\/12\/solisoli_logo_oggraph_EN.png\" \/>\n\t<meta property=\"og:image:width\" content=\"1200\" \/>\n\t<meta property=\"og:image:height\" content=\"675\" \/>\n\t<meta property=\"og:image:type\" content=\"image\/png\" \/>\n<meta name=\"twitter:card\" content=\"summary_large_image\" \/>\n<meta name=\"twitter:label1\" content=\"Dur\u00e9e de lecture estim\u00e9e\" \/>\n\t<meta name=\"twitter:data1\" content=\"1 minute\" \/>\n<script type=\"application\/ld+json\" class=\"yoast-schema-graph\">{\"@context\":\"https:\/\/schema.org\",\"@graph\":[{\"@type\":\"WebPage\",\"@id\":\"https:\/\/solisoli.ch\/fr\/faire-un-don\/\",\"url\":\"https:\/\/solisoli.ch\/fr\/faire-un-don\/\",\"name\":\"Faire un don &#8212; SoliSoli\",\"isPartOf\":{\"@id\":\"https:\/\/solisoli.ch\/#website\"},\"datePublished\":\"2021-01-10T17:23:49+00:00\",\"dateModified\":\"2025-06-05T23:52:02+00:00\",\"description\":\"Vous pouvez faire un don par virement IBAN, Twint ou carte de cr\u00e9dit. Chaque don compte, quel que soit son montant. Merci pour votre soutien &lt;3\",\"breadcrumb\":{\"@id\":\"https:\/\/solisoli.ch\/fr\/faire-un-don\/#breadcrumb\"},\"inLanguage\":\"fr-FR\",\"potentialAction\":[{\"@type\":\"ReadAction\",\"target\":[\"https:\/\/solisoli.ch\/fr\/faire-un-don\/\"]}]},{\"@type\":\"BreadcrumbList\",\"@id\":\"https:\/\/solisoli.ch\/fr\/faire-un-don\/#breadcrumb\",\"itemListElement\":[{\"@type\":\"ListItem\",\"position\":1,\"name\":\"Home\",\"item\":\"https:\/\/solisoli.ch\/fr\/\"},{\"@type\":\"ListItem\",\"position\":2,\"name\":\"Faire un don\"}]},{\"@type\":\"WebSite\",\"@id\":\"https:\/\/solisoli.ch\/#website\",\"url\":\"https:\/\/solisoli.ch\/\",\"name\":\"SoliSoli\",\"description\":\"\",\"potentialAction\":[{\"@type\":\"SearchAction\",\"target\":{\"@type\":\"EntryPoint\",\"urlTemplate\":\"https:\/\/solisoli.ch\/?s={search_term_string}\"},\"query-input\":{\"@type\":\"PropertyValueSpecification\",\"valueRequired\":true,\"valueName\":\"search_term_string\"}}],\"inLanguage\":\"fr-FR\"}]}<\/script>\n<!-- \/ Yoast SEO plugin. -->","yoast_head_json":{"title":"Faire un don &#8212; SoliSoli","description":"Vous pouvez faire un don par virement IBAN, Twint ou carte de cr\u00e9dit. Chaque don compte, quel que soit son montant. Merci pour votre soutien &lt;3","robots":{"index":"index","follow":"follow","max-snippet":"max-snippet:-1","max-image-preview":"max-image-preview:large","max-video-preview":"max-video-preview:-1"},"canonical":"https:\/\/solisoli.ch\/fr\/faire-un-don\/","og_locale":"fr_FR","og_type":"article","og_title":"Faire un don &#8212; SoliSoli","og_description":"Vous pouvez faire un don par virement IBAN, Twint ou carte de cr\u00e9dit. Chaque don compte, quel que soit son montant. Merci pour votre soutien &lt;3","og_url":"https:\/\/solisoli.ch\/fr\/faire-un-don\/","og_site_name":"SoliSoli","article_modified_time":"2025-06-05T23:52:02+00:00","og_image":[{"width":1200,"height":675,"url":"https:\/\/solisoli.ch\/wp-content\/uploads\/2024\/12\/solisoli_logo_oggraph_EN.png","type":"image\/png"}],"twitter_card":"summary_large_image","twitter_misc":{"Dur\u00e9e de lecture estim\u00e9e":"1 minute"},"schema":{"@context":"https:\/\/schema.org","@graph":[{"@type":"WebPage","@id":"https:\/\/solisoli.ch\/fr\/faire-un-don\/","url":"https:\/\/solisoli.ch\/fr\/faire-un-don\/","name":"Faire un don &#8212; SoliSoli","isPartOf":{"@id":"https:\/\/solisoli.ch\/#website"},"datePublished":"2021-01-10T17:23:49+00:00","dateModified":"2025-06-05T23:52:02+00:00","description":"Vous pouvez faire un don par virement IBAN, Twint ou carte de cr\u00e9dit. Chaque don compte, quel que soit son montant. Merci pour votre soutien &lt;3","breadcrumb":{"@id":"https:\/\/solisoli.ch\/fr\/faire-un-don\/#breadcrumb"},"inLanguage":"fr-FR","potentialAction":[{"@type":"ReadAction","target":["https:\/\/solisoli.ch\/fr\/faire-un-don\/"]}]},{"@type":"BreadcrumbList","@id":"https:\/\/solisoli.ch\/fr\/faire-un-don\/#breadcrumb","itemListElement":[{"@type":"ListItem","position":1,"name":"Home","item":"https:\/\/solisoli.ch\/fr\/"},{"@type":"ListItem","position":2,"name":"Faire un don"}]},{"@type":"WebSite","@id":"https:\/\/solisoli.ch\/#website","url":"https:\/\/solisoli.ch\/","name":"SoliSoli","description":"","potentialAction":[{"@type":"SearchAction","target":{"@type":"EntryPoint","urlTemplate":"https:\/\/solisoli.ch\/?s={search_term_string}"},"query-input":{"@type":"PropertyValueSpecification","valueRequired":true,"valueName":"search_term_string"}}],"inLanguage":"fr-FR"}]}},"_links":{"self":[{"href":"https:\/\/solisoli.ch\/fr\/wp-json\/wp\/v2\/pages\/173","targetHints":{"allow":["GET"]}}],"collection":[{"href":"https:\/\/solisoli.ch\/fr\/wp-json\/wp\/v2\/pages"}],"about":[{"href":"https:\/\/solisoli.ch\/fr\/wp-json\/wp\/v2\/types\/page"}],"author":[{"embeddable":true,"href":"https:\/\/solisoli.ch\/fr\/wp-json\/wp\/v2\/users\/1"}],"replies":[{"embeddable":true,"href":"https:\/\/solisoli.ch\/fr\/wp-json\/wp\/v2\/comments?post=173"}],"version-history":[{"count":51,"href":"https:\/\/solisoli.ch\/fr\/wp-json\/wp\/v2\/pages\/173\/revisions"}],"predecessor-version":[{"id":552,"href":"https:\/\/solisoli.ch\/fr\/wp-json\/wp\/v2\/pages\/173\/revisions\/552"}],"wp:attachment":[{"href":"https:\/\/solisoli.ch\/fr\/wp-json\/wp\/v2\/media?parent=173"}],"curies":[{"name":"wp","href":"https:\/\/api.w.org\/{rel}","templated":true}]}}