{"id":175,"date":"2021-01-10T17:21:10","date_gmt":"2021-01-10T17:21:10","guid":{"rendered":"https:\/\/solisoli.ch\/info\/"},"modified":"2026-02-19T22:38:48","modified_gmt":"2026-02-19T22:38:48","slug":"info","status":"publish","type":"page","link":"https:\/\/solisoli.ch\/fr\/info\/","title":{"rendered":"Info"},"content":{"rendered":"\n<p><em>SoliSoli<\/em> est une association ind\u00e9pendante, \u00e0 but non lucratif et g\u00e9r\u00e9e par des b\u00e9n\u00e9voles.<\/p>\n\n\n\n<p>Notre objectif est de d\u00e9fendre les droits l\u00e9gaux et humains de groupes vuln\u00e9rables et marginalis\u00e9s, tels que les personnes en d\u00e9placement et autres communaut\u00e9s structurellement d\u00e9favoris\u00e9es. Pour cela, nous soutenons financi\u00e8rement des structures reconnues en Suisse et \u00e0 l\u2019\u00e9tranger. Nous avons actuellement un focus sur l\u2019aide aux personnes en d\u00e9placement dans les zones tampons de l\u2019UE dans les Balkans occidentaux.<\/p>\n\n\n\n<p>En faisant un don en Suisse \u00e0 <em>SoliSoli<\/em>, vous contribuez \u00e0 r\u00e9duire les pertes d&rsquo;argent dues aux frais de transferts bancaires internationaux \u2014 SoliSoli effectue des transactions regroup\u00e9es uniquement quatre fois par an. En faisant un don \u00e0 <em>SoliSoli<\/em>, vous simplifiez aussi grandement les proc\u00e9dures pour les organisations soutenues qui doivent r\u00e9diger des contrats individuels pour chaque don afin de pouvoir retirer l&rsquo;argent.<\/p>\n\n\n\n<p>En outre, <em>SoliSoli<\/em> organise divers \u00e9v\u00e9nements de solidarit\u00e9 pour collecter des fonds, cr\u00e9er de la visibilit\u00e9 et sensibiliser aux causes susmentionn\u00e9es.<\/p>\n\n\n\n<br><br><span class=\"highlight\">Politique de donation<\/span><br><br>\n\n\n\n<p>100% des dons et des fonds collect\u00e9s sont revers\u00e9s \u00e0 deux organisations locales, avec lesquelles nous entretenons un contact \u00e9troit: <em>KlikAktiv<\/em> \u00e0 Belgrade et <em>Kompas 071<\/em> \u00e0 Sarajevo, qui re\u00e7oivent chacune 50% des fonds.<\/p>\n\n\n\n<p>Une fois par an, <em>SoliSoli<\/em> publie en ligne la comptabilit\u00e9 compl\u00e8te de l&rsquo;association.<\/p>\n\n\n\n<br><br><span class=\"highlight\">KlikAktiv<\/span><br><br>\n\n\n\n<p>Depuis 2019, <em>KlikAktiv<\/em> fournit un soutien juridique et psychosocial gratuit aux r\u00e9fugi\u00e9s et aux personnes en mouvement en Serbie, avec un accent particulier sur les personnes qui vivent dans des squats aux fronti\u00e8res serbes avec la Roumanie, la Hongrie, la Croatie et la Bosnie-Herz\u00e9govine.<\/p>\n\n\n\n<p>Plus d&rsquo;informations: <a href=\"https:\/\/klikaktiv.org\/\" target=\"_blank\" rel=\"noreferrer noopener\">www.klikaktiv.org<\/a><\/p>\n\n\n\n<br><br><span class=\"highlight\">Kompas 071<\/span><br><br>\n\n\n\n<p><em>Kompas 071<\/em> est une organisation locale \u00e0 but non lucratif de Sarajevo, en Bosnie-Herz\u00e9govine, qui g\u00e8re un centre communautaire pour les personnes en d\u00e9placement r\u00e9sidant ou transitant dans le canton de Sarajevo. Le centre propose des douches, un service de laverie, des produits non alimentaires, de la nourriture et une aide juridique.<\/p>\n\n\n\n<p>Plus d&rsquo;informations: <a href=\"https:\/\/www.kompas071.org\/\" target=\"_blank\" rel=\"noreferrer noopener\">www.kompas071.org<\/a><\/p>\n\n\n\n<br><br><span class=\"highlight\">Documents (en anglais)<\/span><br><br>\n\n\n\n<p><a href=\"https:\/\/solisoli.ch\/wp-content\/uploads\/2021\/01\/SoliSoli-Statutes_EN.pdf\" target=\"_blank\" rel=\"noreferrer noopener\"><\/a><a href=\"https:\/\/solisoli.ch\/wp-content\/uploads\/2022\/03\/SoliSoli_Statutes_EN.pdf\" target=\"_blank\" rel=\"noreferrer noopener\">Status de l&rsquo;association<\/a><br><br><a href=\"https:\/\/solisoli.ch\/wp-content\/uploads\/2022\/03\/SoliSoli_AnnualReport2021.pdf\" target=\"_blank\" rel=\"noreferrer noopener\">Rapport annuel 2021<\/a><br><a href=\"https:\/\/solisoli.ch\/wp-content\/uploads\/2023\/03\/SoliSoli_AnnualReport2022.pdf\" target=\"_blank\" rel=\"noreferrer noopener\">Rapport annuel 2022<\/a><br><a href=\"https:\/\/solisoli.ch\/wp-content\/uploads\/2024\/03\/SoliSoli_AnnualReport2023.pdf\" target=\"_blank\" rel=\"noreferrer noopener\">Rapport annuel 2023<\/a><br><a href=\"https:\/\/solisoli.ch\/wp-content\/uploads\/2025\/03\/SoliSoli_AnnualReport2024.pdf\" target=\"_blank\" rel=\"noreferrer noopener\">Rapport annuel 2024<\/a><br><a href=\"https:\/\/solisoli.ch\/wp-content\/uploads\/2026\/02\/SoliSoli_AnnualReport2025.pdf\" target=\"_blank\" rel=\"noreferrer noopener\">Rapport annuel 2025<\/a><br><br><a href=\"https:\/\/solisoli.ch\/wp-content\/uploads\/2022\/03\/SoliSoli_Accounting2021.pdf\" target=\"_blank\" rel=\"noreferrer noopener\">Comptabilit\u00e9 2021<\/a><br><a href=\"https:\/\/solisoli.ch\/wp-content\/uploads\/2023\/03\/SoliSoli_Accounting2022.pdf\" target=\"_blank\" rel=\"noreferrer noopener\">Comptabilit\u00e9 2022<\/a><br><a href=\"https:\/\/solisoli.ch\/wp-content\/uploads\/2024\/01\/SoliSoli_Accounting2023.pdf\" target=\"_blank\" rel=\"noreferrer noopener\">Comptabilit\u00e9 2023<\/a><br><a href=\"https:\/\/solisoli.ch\/wp-content\/uploads\/2025\/02\/SoliSoli_Accounting2024.pdf\" target=\"_blank\" rel=\"noreferrer noopener\">Comptabilit\u00e9 2024<\/a><br><a href=\"https:\/\/solisoli.ch\/wp-content\/uploads\/2026\/01\/SoliSoli_Accounting2025.pdf\" target=\"_blank\" rel=\"noreferrer noopener\">Comptabilit\u00e9 2025<\/a><br><\/p>\n\n\n\n<br><br><span class=\"highlight\">Newsletter<\/span><br><br>\nAbonnez-vous pour \u00eatre inform\u00e9 de nos prochains \u00e9v\u00e9nements et recevoir des nouvelles des organisations que nous soutenons.\n<br><br>\n\n\n<script>(function() {\n\twindow.mc4wp = window.mc4wp || {\n\t\tlisteners: [],\n\t\tforms: {\n\t\t\ton: function(evt, cb) {\n\t\t\t\twindow.mc4wp.listeners.push(\n\t\t\t\t\t{\n\t\t\t\t\t\tevent   : evt,\n\t\t\t\t\t\tcallback: cb\n\t\t\t\t\t}\n\t\t\t\t);\n\t\t\t}\n\t\t}\n\t}\n})();\n<\/script><!-- Mailchimp for WordPress v4.11.1 - https:\/\/wordpress.org\/plugins\/mailchimp-for-wp\/ --><form id=\"mc4wp-form-1\" class=\"mc4wp-form mc4wp-form-224\" method=\"post\" data-id=\"224\" data-name=\"mailchimpFR\" ><div class=\"mc4wp-form-fields\"><p>\r\n\t<input type=\"email\" name=\"EMAIL\" placeholder=\"votre adresse e-mail\">\r\n<\/p>\r\n<input type=\"hidden\" name=\"LANG\" value=\"fr_FR\">\r\n<p>\r\n\t<input type=\"submit\" value=\"Abonner\">\r\n<\/p><\/div><label style=\"display: none !important;\">Laissez ce champ vide si vous \u00eates humain\u00a0: <input type=\"text\" name=\"_mc4wp_honeypot\" value=\"\" tabindex=\"-1\" autocomplete=\"off\" \/><\/label><input type=\"hidden\" name=\"_mc4wp_timestamp\" value=\"1776414365\" \/><input type=\"hidden\" name=\"_mc4wp_form_id\" value=\"224\" \/><input type=\"hidden\" name=\"_mc4wp_form_element_id\" value=\"mc4wp-form-1\" \/><div class=\"mc4wp-response\"><\/div><\/form><!-- \/ Mailchimp for WordPress Plugin -->\n\n\n\n<div style=\"height:100px\" aria-hidden=\"true\" class=\"wp-block-spacer\"><\/div>\n\n\n\n<p><strong>Association SoliSoli<\/strong><br>Mythenquai 345<br>8038 Zurich<br><a href=\"mailto:info@solisoli.ch\">info@solisoli.ch<\/a><\/p>\n","protected":false},"excerpt":{"rendered":"<p>SoliSoli est une association ind\u00e9pendante, \u00e0 but non lucratif et g\u00e9r\u00e9e par des b\u00e9n\u00e9voles. Notre objectif est de d\u00e9fendre les droits l\u00e9gaux et humains de groupes vuln\u00e9rables et marginalis\u00e9s, tels que les personnes en d\u00e9placement et autres communaut\u00e9s structurellement d\u00e9favoris\u00e9es. Pour cela, nous soutenons financi\u00e8rement des structures reconnues en Suisse et \u00e0 l\u2019\u00e9tranger. Nous avons [&hellip;]<\/p>\n","protected":false},"author":1,"featured_media":0,"parent":0,"menu_order":0,"comment_status":"closed","ping_status":"closed","template":"","meta":{"footnotes":""},"class_list":["post-175","page","type-page","status-publish","hentry"],"yoast_head":"<!-- This site is optimized with the Yoast SEO plugin v26.8 - https:\/\/yoast.com\/product\/yoast-seo-wordpress\/ -->\n<title>Info &#8212; SoliSoli<\/title>\n<meta name=\"description\" content=\"L&#039;objectif de SoliSoli est de d\u00e9fendre les droits l\u00e9gaux et humains de groupes vuln\u00e9rables et marginalis\u00e9s, tels que les personnes en d\u00e9placement et autres groupes structurellement d\u00e9favoris\u00e9s, en soutenant financi\u00e8rement des associations \u00e9tablies et des structures similaires en Suisse et \u00e0 l&#039;\u00e9tranger.\" \/>\n<meta name=\"robots\" content=\"index, follow, max-snippet:-1, max-image-preview:large, max-video-preview:-1\" \/>\n<link rel=\"canonical\" href=\"https:\/\/solisoli.ch\/fr\/info\/\" \/>\n<meta property=\"og:locale\" content=\"fr_FR\" \/>\n<meta property=\"og:type\" content=\"article\" \/>\n<meta property=\"og:title\" content=\"Info &#8212; SoliSoli\" \/>\n<meta property=\"og:description\" content=\"L&#039;objectif de SoliSoli est de d\u00e9fendre les droits l\u00e9gaux et humains de groupes vuln\u00e9rables et marginalis\u00e9s, tels que les personnes en d\u00e9placement et autres groupes structurellement d\u00e9favoris\u00e9s, en soutenant financi\u00e8rement des associations \u00e9tablies et des structures similaires en Suisse et \u00e0 l&#039;\u00e9tranger.\" \/>\n<meta property=\"og:url\" content=\"https:\/\/solisoli.ch\/fr\/info\/\" \/>\n<meta property=\"og:site_name\" content=\"SoliSoli\" \/>\n<meta property=\"article:modified_time\" content=\"2026-02-19T22:38:48+00:00\" \/>\n<meta property=\"og:image\" content=\"https:\/\/solisoli.ch\/wp-content\/uploads\/2024\/12\/solisoli_logo_oggraph_EN.png\" \/>\n\t<meta property=\"og:image:width\" content=\"1200\" \/>\n\t<meta property=\"og:image:height\" content=\"675\" \/>\n\t<meta property=\"og:image:type\" content=\"image\/png\" \/>\n<meta name=\"twitter:card\" content=\"summary_large_image\" \/>\n<meta name=\"twitter:label1\" content=\"Dur\u00e9e de lecture estim\u00e9e\" \/>\n\t<meta name=\"twitter:data1\" content=\"2 minutes\" \/>\n<script type=\"application\/ld+json\" class=\"yoast-schema-graph\">{\"@context\":\"https:\/\/schema.org\",\"@graph\":[{\"@type\":\"WebPage\",\"@id\":\"https:\/\/solisoli.ch\/fr\/info\/\",\"url\":\"https:\/\/solisoli.ch\/fr\/info\/\",\"name\":\"Info &#8212; SoliSoli\",\"isPartOf\":{\"@id\":\"https:\/\/solisoli.ch\/#website\"},\"datePublished\":\"2021-01-10T17:21:10+00:00\",\"dateModified\":\"2026-02-19T22:38:48+00:00\",\"description\":\"L'objectif de SoliSoli est de d\u00e9fendre les droits l\u00e9gaux et humains de groupes vuln\u00e9rables et marginalis\u00e9s, tels que les personnes en d\u00e9placement et autres groupes structurellement d\u00e9favoris\u00e9s, en soutenant financi\u00e8rement des associations \u00e9tablies et des structures similaires en Suisse et \u00e0 l'\u00e9tranger.\",\"breadcrumb\":{\"@id\":\"https:\/\/solisoli.ch\/fr\/info\/#breadcrumb\"},\"inLanguage\":\"fr-FR\",\"potentialAction\":[{\"@type\":\"ReadAction\",\"target\":[\"https:\/\/solisoli.ch\/fr\/info\/\"]}]},{\"@type\":\"BreadcrumbList\",\"@id\":\"https:\/\/solisoli.ch\/fr\/info\/#breadcrumb\",\"itemListElement\":[{\"@type\":\"ListItem\",\"position\":1,\"name\":\"Home\",\"item\":\"https:\/\/solisoli.ch\/fr\/\"},{\"@type\":\"ListItem\",\"position\":2,\"name\":\"Info\"}]},{\"@type\":\"WebSite\",\"@id\":\"https:\/\/solisoli.ch\/#website\",\"url\":\"https:\/\/solisoli.ch\/\",\"name\":\"SoliSoli\",\"description\":\"\",\"potentialAction\":[{\"@type\":\"SearchAction\",\"target\":{\"@type\":\"EntryPoint\",\"urlTemplate\":\"https:\/\/solisoli.ch\/?s={search_term_string}\"},\"query-input\":{\"@type\":\"PropertyValueSpecification\",\"valueRequired\":true,\"valueName\":\"search_term_string\"}}],\"inLanguage\":\"fr-FR\"}]}<\/script>\n<!-- \/ Yoast SEO plugin. -->","yoast_head_json":{"title":"Info &#8212; SoliSoli","description":"L'objectif de SoliSoli est de d\u00e9fendre les droits l\u00e9gaux et humains de groupes vuln\u00e9rables et marginalis\u00e9s, tels que les personnes en d\u00e9placement et autres groupes structurellement d\u00e9favoris\u00e9s, en soutenant financi\u00e8rement des associations \u00e9tablies et des structures similaires en Suisse et \u00e0 l'\u00e9tranger.","robots":{"index":"index","follow":"follow","max-snippet":"max-snippet:-1","max-image-preview":"max-image-preview:large","max-video-preview":"max-video-preview:-1"},"canonical":"https:\/\/solisoli.ch\/fr\/info\/","og_locale":"fr_FR","og_type":"article","og_title":"Info &#8212; SoliSoli","og_description":"L'objectif de SoliSoli est de d\u00e9fendre les droits l\u00e9gaux et humains de groupes vuln\u00e9rables et marginalis\u00e9s, tels que les personnes en d\u00e9placement et autres groupes structurellement d\u00e9favoris\u00e9s, en soutenant financi\u00e8rement des associations \u00e9tablies et des structures similaires en Suisse et \u00e0 l'\u00e9tranger.","og_url":"https:\/\/solisoli.ch\/fr\/info\/","og_site_name":"SoliSoli","article_modified_time":"2026-02-19T22:38:48+00:00","og_image":[{"width":1200,"height":675,"url":"https:\/\/solisoli.ch\/wp-content\/uploads\/2024\/12\/solisoli_logo_oggraph_EN.png","type":"image\/png"}],"twitter_card":"summary_large_image","twitter_misc":{"Dur\u00e9e de lecture estim\u00e9e":"2 minutes"},"schema":{"@context":"https:\/\/schema.org","@graph":[{"@type":"WebPage","@id":"https:\/\/solisoli.ch\/fr\/info\/","url":"https:\/\/solisoli.ch\/fr\/info\/","name":"Info &#8212; SoliSoli","isPartOf":{"@id":"https:\/\/solisoli.ch\/#website"},"datePublished":"2021-01-10T17:21:10+00:00","dateModified":"2026-02-19T22:38:48+00:00","description":"L'objectif de SoliSoli est de d\u00e9fendre les droits l\u00e9gaux et humains de groupes vuln\u00e9rables et marginalis\u00e9s, tels que les personnes en d\u00e9placement et autres groupes structurellement d\u00e9favoris\u00e9s, en soutenant financi\u00e8rement des associations \u00e9tablies et des structures similaires en Suisse et \u00e0 l'\u00e9tranger.","breadcrumb":{"@id":"https:\/\/solisoli.ch\/fr\/info\/#breadcrumb"},"inLanguage":"fr-FR","potentialAction":[{"@type":"ReadAction","target":["https:\/\/solisoli.ch\/fr\/info\/"]}]},{"@type":"BreadcrumbList","@id":"https:\/\/solisoli.ch\/fr\/info\/#breadcrumb","itemListElement":[{"@type":"ListItem","position":1,"name":"Home","item":"https:\/\/solisoli.ch\/fr\/"},{"@type":"ListItem","position":2,"name":"Info"}]},{"@type":"WebSite","@id":"https:\/\/solisoli.ch\/#website","url":"https:\/\/solisoli.ch\/","name":"SoliSoli","description":"","potentialAction":[{"@type":"SearchAction","target":{"@type":"EntryPoint","urlTemplate":"https:\/\/solisoli.ch\/?s={search_term_string}"},"query-input":{"@type":"PropertyValueSpecification","valueRequired":true,"valueName":"search_term_string"}}],"inLanguage":"fr-FR"}]}},"_links":{"self":[{"href":"https:\/\/solisoli.ch\/fr\/wp-json\/wp\/v2\/pages\/175","targetHints":{"allow":["GET"]}}],"collection":[{"href":"https:\/\/solisoli.ch\/fr\/wp-json\/wp\/v2\/pages"}],"about":[{"href":"https:\/\/solisoli.ch\/fr\/wp-json\/wp\/v2\/types\/page"}],"author":[{"embeddable":true,"href":"https:\/\/solisoli.ch\/fr\/wp-json\/wp\/v2\/users\/1"}],"replies":[{"embeddable":true,"href":"https:\/\/solisoli.ch\/fr\/wp-json\/wp\/v2\/comments?post=175"}],"version-history":[{"count":25,"href":"https:\/\/solisoli.ch\/fr\/wp-json\/wp\/v2\/pages\/175\/revisions"}],"predecessor-version":[{"id":575,"href":"https:\/\/solisoli.ch\/fr\/wp-json\/wp\/v2\/pages\/175\/revisions\/575"}],"wp:attachment":[{"href":"https:\/\/solisoli.ch\/fr\/wp-json\/wp\/v2\/media?parent=175"}],"curies":[{"name":"wp","href":"https:\/\/api.w.org\/{rel}","templated":true}]}}