{"id":177,"date":"2021-01-10T17:19:16","date_gmt":"2021-01-10T17:19:16","guid":{"rendered":"https:\/\/solisoli.ch\/home\/"},"modified":"2025-02-06T15:51:35","modified_gmt":"2025-02-06T15:51:35","slug":"home","status":"publish","type":"page","link":"https:\/\/solisoli.ch\/fr\/","title":{"rendered":"Home"},"content":{"rendered":"\n<p>L&rsquo;association <em>SoliSoli<\/em> a pour but de d\u00e9fendre les droits l\u00e9gaux et humains de groupes vuln\u00e9rables et marginalis\u00e9s, tels que les personnes en d\u00e9placement ou les groupes structurellement d\u00e9favoris\u00e9s par le biais d&rsquo;un soutien financier \u00e0 des structures reconnues en Suisse et \u00e0 l&rsquo;\u00e9tranger.<\/p>\n\n\n\n<br><br><span class=\"highlight\">FAIRE UN DON<\/span><br>\n<span class=\"highlight\">IBAN:&nbsp;CH59 0900 0000 1562 0672 0<\/span><br>\n<span class=\"highlight\">BIC:&nbsp;POFICHBEXXX<\/span><br><br>\n\n\n\n<p>Suivez-nous sur <a href=\"https:\/\/www.instagram.com\/solisoli.ch\/\">Instagram<\/a> &amp; <a href=\"https:\/\/t.me\/associationsolisoli\">Telegram<\/a>.<\/p>\n","protected":false},"excerpt":{"rendered":"<p>L&rsquo;association SoliSoli a pour but de d\u00e9fendre les droits l\u00e9gaux et humains de groupes vuln\u00e9rables et marginalis\u00e9s, tels que les personnes en d\u00e9placement ou les groupes structurellement d\u00e9favoris\u00e9s par le biais d&rsquo;un soutien financier \u00e0 des structures reconnues en Suisse et \u00e0 l&rsquo;\u00e9tranger. FAIRE UN DON IBAN:&nbsp;CH59 0900 0000 1562 0672 0 BIC:&nbsp;POFICHBEXXX Suivez-nous sur [&hellip;]<\/p>\n","protected":false},"author":1,"featured_media":0,"parent":0,"menu_order":0,"comment_status":"closed","ping_status":"closed","template":"","meta":{"footnotes":""},"class_list":["post-177","page","type-page","status-publish","hentry"],"yoast_head":"<!-- This site is optimized with the Yoast SEO plugin v26.8 - https:\/\/yoast.com\/product\/yoast-seo-wordpress\/ -->\n<title>SoliSoli<\/title>\n<meta name=\"description\" content=\"SoliSoli d\u00e9fend les droits l\u00e9gaux et humains de groupes vuln\u00e9rables et marginalis\u00e9s en apportant un soutien direct \u00e0 des organisations locales par le biais de collectes de fonds en Suisse.\" \/>\n<meta name=\"robots\" content=\"index, follow, max-snippet:-1, max-image-preview:large, max-video-preview:-1\" \/>\n<link rel=\"canonical\" href=\"https:\/\/solisoli.ch\/fr\/\" \/>\n<meta property=\"og:locale\" content=\"fr_FR\" \/>\n<meta property=\"og:type\" content=\"article\" \/>\n<meta property=\"og:title\" content=\"SoliSoli\" \/>\n<meta property=\"og:description\" content=\"SoliSoli d\u00e9fend les droits l\u00e9gaux et humains de groupes vuln\u00e9rables et marginalis\u00e9s en apportant un soutien direct \u00e0 des organisations locales par le biais de collectes de fonds en Suisse.\" \/>\n<meta property=\"og:url\" content=\"https:\/\/solisoli.ch\/fr\/\" \/>\n<meta property=\"og:site_name\" content=\"SoliSoli\" \/>\n<meta property=\"article:modified_time\" content=\"2025-02-06T15:51:35+00:00\" \/>\n<meta property=\"og:image\" content=\"https:\/\/solisoli.ch\/wp-content\/uploads\/2024\/12\/solisoli_logo_oggraph_EN.png\" \/>\n\t<meta property=\"og:image:width\" content=\"1200\" \/>\n\t<meta property=\"og:image:height\" content=\"675\" \/>\n\t<meta property=\"og:image:type\" content=\"image\/png\" \/>\n<meta name=\"twitter:card\" content=\"summary_large_image\" \/>\n<meta name=\"twitter:label1\" content=\"Dur\u00e9e de lecture estim\u00e9e\" \/>\n\t<meta name=\"twitter:data1\" content=\"1 minute\" \/>\n<script type=\"application\/ld+json\" class=\"yoast-schema-graph\">{\"@context\":\"https:\/\/schema.org\",\"@graph\":[{\"@type\":\"WebPage\",\"@id\":\"https:\/\/solisoli.ch\/fr\/\",\"url\":\"https:\/\/solisoli.ch\/fr\/\",\"name\":\"SoliSoli\",\"isPartOf\":{\"@id\":\"https:\/\/solisoli.ch\/#website\"},\"datePublished\":\"2021-01-10T17:19:16+00:00\",\"dateModified\":\"2025-02-06T15:51:35+00:00\",\"description\":\"SoliSoli d\u00e9fend les droits l\u00e9gaux et humains de groupes vuln\u00e9rables et marginalis\u00e9s en apportant un soutien direct \u00e0 des organisations locales par le biais de collectes de fonds en Suisse.\",\"breadcrumb\":{\"@id\":\"https:\/\/solisoli.ch\/fr\/#breadcrumb\"},\"inLanguage\":\"fr-FR\",\"potentialAction\":[{\"@type\":\"ReadAction\",\"target\":[\"https:\/\/solisoli.ch\/fr\/\"]}]},{\"@type\":\"BreadcrumbList\",\"@id\":\"https:\/\/solisoli.ch\/fr\/#breadcrumb\",\"itemListElement\":[{\"@type\":\"ListItem\",\"position\":1,\"name\":\"Home\",\"item\":\"https:\/\/solisoli.ch\/fr\/\"},{\"@type\":\"ListItem\",\"position\":2,\"name\":\"Home\"}]},{\"@type\":\"WebSite\",\"@id\":\"https:\/\/solisoli.ch\/#website\",\"url\":\"https:\/\/solisoli.ch\/\",\"name\":\"SoliSoli\",\"description\":\"\",\"potentialAction\":[{\"@type\":\"SearchAction\",\"target\":{\"@type\":\"EntryPoint\",\"urlTemplate\":\"https:\/\/solisoli.ch\/?s={search_term_string}\"},\"query-input\":{\"@type\":\"PropertyValueSpecification\",\"valueRequired\":true,\"valueName\":\"search_term_string\"}}],\"inLanguage\":\"fr-FR\"}]}<\/script>\n<!-- \/ Yoast SEO plugin. -->","yoast_head_json":{"title":"SoliSoli","description":"SoliSoli d\u00e9fend les droits l\u00e9gaux et humains de groupes vuln\u00e9rables et marginalis\u00e9s en apportant un soutien direct \u00e0 des organisations locales par le biais de collectes de fonds en Suisse.","robots":{"index":"index","follow":"follow","max-snippet":"max-snippet:-1","max-image-preview":"max-image-preview:large","max-video-preview":"max-video-preview:-1"},"canonical":"https:\/\/solisoli.ch\/fr\/","og_locale":"fr_FR","og_type":"article","og_title":"SoliSoli","og_description":"SoliSoli d\u00e9fend les droits l\u00e9gaux et humains de groupes vuln\u00e9rables et marginalis\u00e9s en apportant un soutien direct \u00e0 des organisations locales par le biais de collectes de fonds en Suisse.","og_url":"https:\/\/solisoli.ch\/fr\/","og_site_name":"SoliSoli","article_modified_time":"2025-02-06T15:51:35+00:00","og_image":[{"width":1200,"height":675,"url":"https:\/\/solisoli.ch\/wp-content\/uploads\/2024\/12\/solisoli_logo_oggraph_EN.png","type":"image\/png"}],"twitter_card":"summary_large_image","twitter_misc":{"Dur\u00e9e de lecture estim\u00e9e":"1 minute"},"schema":{"@context":"https:\/\/schema.org","@graph":[{"@type":"WebPage","@id":"https:\/\/solisoli.ch\/fr\/","url":"https:\/\/solisoli.ch\/fr\/","name":"SoliSoli","isPartOf":{"@id":"https:\/\/solisoli.ch\/#website"},"datePublished":"2021-01-10T17:19:16+00:00","dateModified":"2025-02-06T15:51:35+00:00","description":"SoliSoli d\u00e9fend les droits l\u00e9gaux et humains de groupes vuln\u00e9rables et marginalis\u00e9s en apportant un soutien direct \u00e0 des organisations locales par le biais de collectes de fonds en Suisse.","breadcrumb":{"@id":"https:\/\/solisoli.ch\/fr\/#breadcrumb"},"inLanguage":"fr-FR","potentialAction":[{"@type":"ReadAction","target":["https:\/\/solisoli.ch\/fr\/"]}]},{"@type":"BreadcrumbList","@id":"https:\/\/solisoli.ch\/fr\/#breadcrumb","itemListElement":[{"@type":"ListItem","position":1,"name":"Home","item":"https:\/\/solisoli.ch\/fr\/"},{"@type":"ListItem","position":2,"name":"Home"}]},{"@type":"WebSite","@id":"https:\/\/solisoli.ch\/#website","url":"https:\/\/solisoli.ch\/","name":"SoliSoli","description":"","potentialAction":[{"@type":"SearchAction","target":{"@type":"EntryPoint","urlTemplate":"https:\/\/solisoli.ch\/?s={search_term_string}"},"query-input":{"@type":"PropertyValueSpecification","valueRequired":true,"valueName":"search_term_string"}}],"inLanguage":"fr-FR"}]}},"_links":{"self":[{"href":"https:\/\/solisoli.ch\/fr\/wp-json\/wp\/v2\/pages\/177","targetHints":{"allow":["GET"]}}],"collection":[{"href":"https:\/\/solisoli.ch\/fr\/wp-json\/wp\/v2\/pages"}],"about":[{"href":"https:\/\/solisoli.ch\/fr\/wp-json\/wp\/v2\/types\/page"}],"author":[{"embeddable":true,"href":"https:\/\/solisoli.ch\/fr\/wp-json\/wp\/v2\/users\/1"}],"replies":[{"embeddable":true,"href":"https:\/\/solisoli.ch\/fr\/wp-json\/wp\/v2\/comments?post=177"}],"version-history":[{"count":12,"href":"https:\/\/solisoli.ch\/fr\/wp-json\/wp\/v2\/pages\/177\/revisions"}],"predecessor-version":[{"id":409,"href":"https:\/\/solisoli.ch\/fr\/wp-json\/wp\/v2\/pages\/177\/revisions\/409"}],"wp:attachment":[{"href":"https:\/\/solisoli.ch\/fr\/wp-json\/wp\/v2\/media?parent=177"}],"curies":[{"name":"wp","href":"https:\/\/api.w.org\/{rel}","templated":true}]}}